{"id":2560,"date":"2019-07-12T18:58:43","date_gmt":"2019-07-12T16:58:43","guid":{"rendered":"https:\/\/termoimpiantimicheli.it\/?page_id=2560"},"modified":"2019-09-20T19:16:14","modified_gmt":"2019-09-20T17:16:14","slug":"installazione-impianti","status":"publish","type":"page","link":"https:\/\/termoimpiantimicheli.it\/?page_id=2560","title":{"rendered":"Installazione Impianti"},"content":{"rendered":"<p>[vc_row][vc_column][vc_empty_space height=&#8221;20px&#8221;][vc_column_text]<\/p>\n<div id=\"content\" class=\"row\">\n<div class=\"span12\" data-motopress-type=\"loop\" data-motopress-loop-file=\"loop\/loop-page.php\">\n<div id=\"post-1280\" class=\"post-1280 page type-page status-publish has-post-thumbnail hentry\">\n<p><a href=\"https:\/\/web.archive.org\/web\/20161103232736\/http:\/\/termoimpiantimicheli.it\/wp-content\/uploads\/2012\/06\/mani_idraulico_480x190.jpg\" rel=\"lightbox-0\"><img loading=\"lazy\" decoding=\"async\" class=\"wp-image-2100 aligncenter\" src=\"https:\/\/web.archive.org\/web\/20161103232736im_\/http:\/\/termoimpiantimicheli.it\/wp-content\/uploads\/2012\/06\/mani_idraulico_480x190-300x118.jpg\" alt=\"Estetica funzionalit\u00e0 e semplicit\u00e0. Questi sono i principi con cui realizziamo i nostri impianti ... more\" width=\"629\" height=\"249\" \/><\/a><\/p>\n<p>Funzionalit\u00e0 estetica\u00a0e semplicit\u00e0. Questi sono i principi\u00a0con cui realizziamo i nostri impianti<\/p>\n<p>Utilizziamo materiali di alta qualit\u00e0 e prodotti delle migliori marche perch\u00e9 riteniamo che tutto quello che deve essere inserito all&#8217;interno delle murature deve avere caratteristiche di elevata affidabilit\u00e0 e robustezza. Le tubazioni idriche sono quelle sicuramente pi\u00f9 sollecitate perch\u00e9 sono soggette a notevoli variazioni sia di pressione che di temperatura. Per questo abbiamo deciso di utilizzare per i nostri impianti idrico sanitari solamente tubi in multistrato Rehau.<\/p>\n<p>&nbsp;<\/p>\n<p>Di seguito alcune nostre realizzazioni:<\/p>\n<div id=\"gallery-1\" class=\"gallery galleryid-1280 gallery-columns-3 gallery-size-thumbnail\">\n<div id='gallery-1' class='gallery galleryid-2560 gallery-columns-3 gallery-size-thumbnail'><figure class='gallery-item'>\n\t\t\t<div class='gallery-icon landscape'>\n\t\t\t\t<a href='https:\/\/termoimpiantimicheli.it\/?attachment_id=2601'><img loading=\"lazy\" decoding=\"async\" width=\"150\" height=\"150\" src=\"https:\/\/termoimpiantimicheli.it\/wp-content\/uploads\/2019\/09\/WhatsApp-Image-2019-09-20-at-08.31.07-150x150.jpeg\" class=\"attachment-thumbnail size-thumbnail\" alt=\"\" data-id=\"2601\" \/><\/a>\n\t\t\t<\/div><\/figure><figure class='gallery-item'>\n\t\t\t<div class='gallery-icon landscape'>\n\t\t\t\t<a href='https:\/\/termoimpiantimicheli.it\/?attachment_id=2600'><img loading=\"lazy\" decoding=\"async\" width=\"150\" height=\"150\" src=\"https:\/\/termoimpiantimicheli.it\/wp-content\/uploads\/2019\/09\/WhatsApp-Image-2019-09-20-at-08.31.08-150x150.jpeg\" class=\"attachment-thumbnail size-thumbnail\" alt=\"\" data-id=\"2600\" \/><\/a>\n\t\t\t<\/div><\/figure><figure class='gallery-item'>\n\t\t\t<div class='gallery-icon portrait'>\n\t\t\t\t<a href='https:\/\/termoimpiantimicheli.it\/?attachment_id=2599'><img loading=\"lazy\" decoding=\"async\" width=\"150\" height=\"150\" src=\"https:\/\/termoimpiantimicheli.it\/wp-content\/uploads\/2019\/09\/WhatsApp-Image-2019-09-20-at-08.31.08-1-150x150.jpeg\" class=\"attachment-thumbnail size-thumbnail\" alt=\"\" data-id=\"2599\" \/><\/a>\n\t\t\t<\/div><\/figure><figure class='gallery-item'>\n\t\t\t<div class='gallery-icon portrait'>\n\t\t\t\t<a href='https:\/\/termoimpiantimicheli.it\/?attachment_id=2598'><img loading=\"lazy\" decoding=\"async\" width=\"150\" height=\"150\" src=\"https:\/\/termoimpiantimicheli.it\/wp-content\/uploads\/2019\/09\/WhatsApp-Image-2019-09-20-at-08.31.09-150x150.jpeg\" class=\"attachment-thumbnail size-thumbnail\" alt=\"\" data-id=\"2598\" \/><\/a>\n\t\t\t<\/div><\/figure><figure class='gallery-item'>\n\t\t\t<div class='gallery-icon portrait'>\n\t\t\t\t<a href='https:\/\/termoimpiantimicheli.it\/?attachment_id=2596'><img loading=\"lazy\" decoding=\"async\" width=\"150\" height=\"150\" src=\"https:\/\/termoimpiantimicheli.it\/wp-content\/uploads\/2019\/09\/WhatsApp-Image-2019-09-20-at-08.31.09-2-150x150.jpeg\" class=\"attachment-thumbnail size-thumbnail\" alt=\"\" data-id=\"2596\" \/><\/a>\n\t\t\t<\/div><\/figure><figure class='gallery-item'>\n\t\t\t<div class='gallery-icon landscape'>\n\t\t\t\t<a href='https:\/\/termoimpiantimicheli.it\/?attachment_id=2595'><img loading=\"lazy\" decoding=\"async\" width=\"150\" height=\"150\" src=\"https:\/\/termoimpiantimicheli.it\/wp-content\/uploads\/2019\/09\/WhatsApp-Image-2019-09-20-at-08.31.09-3-150x150.jpeg\" class=\"attachment-thumbnail size-thumbnail\" alt=\"\" data-id=\"2595\" \/><\/a>\n\t\t\t<\/div><\/figure>\n\t\t<\/div>\n\n<dl class=\"gallery-item\">\n<dt class=\"gallery-icon landscape\"><\/dt>\n<\/dl>\n<dl class=\"gallery-item\">\n<dt class=\"gallery-icon landscape\"><\/dt>\n<\/dl>\n<\/div>\n<p>&nbsp;<\/p>\n<\/div>\n<\/div>\n<\/div>\n<p>[\/vc_column_text][\/vc_column][\/vc_row]<\/p>\n","protected":false},"excerpt":{"rendered":"<p>[vc_row][vc_column][vc_empty_space height=&#8221;20px&#8221;][vc_column_text] Funzionalit\u00e0 estetica\u00a0e semplicit\u00e0. Questi sono i principi\u00a0con cui realizziamo i nostri impianti Utilizziamo materiali di alta qualit\u00e0 e prodotti delle migliori marche perch\u00e9 riteniamo che tutto quello che deve essere inserito all&#8217;interno delle murature deve avere caratteristiche di elevata affidabilit\u00e0 e robustezza. Le tubazioni idriche sono quelle sicuramente pi\u00f9 sollecitate perch\u00e9 sono soggette &hellip; <a href=\"https:\/\/termoimpiantimicheli.it\/?page_id=2560\" class=\"more-link\">Continue reading <span class=\"screen-reader-text\">Installazione Impianti<\/span><\/a><\/p>\n","protected":false},"author":1,"featured_media":0,"parent":0,"menu_order":0,"comment_status":"closed","ping_status":"closed","template":"","meta":{"footnotes":""},"class_list":["post-2560","page","type-page","status-publish","hentry"],"_links":{"self":[{"href":"https:\/\/termoimpiantimicheli.it\/index.php?rest_route=\/wp\/v2\/pages\/2560","targetHints":{"allow":["GET"]}}],"collection":[{"href":"https:\/\/termoimpiantimicheli.it\/index.php?rest_route=\/wp\/v2\/pages"}],"about":[{"href":"https:\/\/termoimpiantimicheli.it\/index.php?rest_route=\/wp\/v2\/types\/page"}],"author":[{"embeddable":true,"href":"https:\/\/termoimpiantimicheli.it\/index.php?rest_route=\/wp\/v2\/users\/1"}],"replies":[{"embeddable":true,"href":"https:\/\/termoimpiantimicheli.it\/index.php?rest_route=%2Fwp%2Fv2%2Fcomments&post=2560"}],"version-history":[{"count":4,"href":"https:\/\/termoimpiantimicheli.it\/index.php?rest_route=\/wp\/v2\/pages\/2560\/revisions"}],"predecessor-version":[{"id":2605,"href":"https:\/\/termoimpiantimicheli.it\/index.php?rest_route=\/wp\/v2\/pages\/2560\/revisions\/2605"}],"wp:attachment":[{"href":"https:\/\/termoimpiantimicheli.it\/index.php?rest_route=%2Fwp%2Fv2%2Fmedia&parent=2560"}],"curies":[{"name":"wp","href":"https:\/\/api.w.org\/{rel}","templated":true}]}}