{"id":2564,"date":"2019-07-12T19:00:26","date_gmt":"2019-07-12T17:00:26","guid":{"rendered":"https:\/\/termoimpiantimicheli.it\/?page_id=2564"},"modified":"2019-07-15T09:33:02","modified_gmt":"2019-07-15T07:33:02","slug":"energia-solare","status":"publish","type":"page","link":"https:\/\/termoimpiantimicheli.it\/?page_id=2564","title":{"rendered":"Energia Solare"},"content":{"rendered":"<p>[vc_row][vc_column][vc_empty_space height=&#8221;20px&#8221;][vc_column_text]<\/p>\n<div class=\"row\">\n<div class=\"span12\" data-motopress-type=\"static\" data-motopress-static-file=\"static\/static-title.php\">\n<section class=\"title-section\">\n<h1 class=\"title-header\"><\/h1>\n<\/section>\n<\/div>\n<\/div>\n<div id=\"content\" class=\"row\">\n<div class=\"span12\" data-motopress-type=\"loop\" data-motopress-loop-file=\"loop\/loop-page.php\">\n<div id=\"post-2154\" class=\"post-2154 page type-page status-publish hentry\">\n<p><a href=\"https:\/\/web.archive.org\/web\/20161103234514\/http:\/\/termoimpiantimicheli.it\/wp-content\/uploads\/2012\/10\/Solare_Termico.jpg\" rel=\"lightbox-0\"><img loading=\"lazy\" decoding=\"async\" class=\"aligncenter wp-image-2199\" src=\"https:\/\/web.archive.org\/web\/20161103234514im_\/http:\/\/termoimpiantimicheli.it\/wp-content\/uploads\/2012\/10\/Solare_Termico-300x118.jpg\" alt=\"Solare_Termico\" width=\"628\" height=\"247\" \/><\/a><\/p>\n<p>L&#8217;energia solare \u00e8 un&#8217;energia pulita e rinnovabile, termica o elettrica, prodotta sfruttando direttamente l&#8217;energia irraggiata dal Sole verso la Terra. Ogni istante il\u00a0Sole trasmette sull&#8217;orbita terrestre 1367 Watt per mq. L&#8217;irraggiamento solare medio alle latitudini europee \u00e8 di circa 200 watt\/mq. Ne deriva che la potenza media per metro quadro irraggiata sulla Terra in ogni istante \u00e8 maggiore di 50 milioni di Gw (un Gw \u00e8 l&#8217;energia prodotta a pieno regime da una grande centrale elettrica). La quantit\u00e0 di energia solare che arriva sul suolo terrestre \u00e8 enorme, circa diecimila volte superiore a tutta l&#8217;energia usata dall&#8217;umanit\u00e0 nel suo complesso.<\/p>\n<p><a href=\"https:\/\/web.archive.org\/web\/20161103234514\/http:\/\/termoimpiantimicheli.it\/wp-content\/uploads\/2014\/12\/italy-horizzontal-irradiation.png\" rel=\"lightbox-1\"><img loading=\"lazy\" decoding=\"async\" class=\" wp-image-2455 aligncenter\" src=\"https:\/\/web.archive.org\/web\/20161103234514im_\/http:\/\/termoimpiantimicheli.it\/wp-content\/uploads\/2014\/12\/italy-horizzontal-irradiation-247x300.png\" alt=\"italy-horizzontal-irradiation\" width=\"338\" height=\"410\" \/><\/a>Un impianto solare termico \u00e8 costituito da collettori solari che hanno lo scopo di captare l&#8217;energia solare e trasferirla al fluido termovettore. Il fluido termovettore a sua volta viene fatto circolare all&#8217;interno di un serpentino dentro un serbatoio d&#8217;accumulo, dove cede il calore all&#8217;acqua contenuta nel suo interno.<\/p>\n<p><a href=\"https:\/\/web.archive.org\/web\/20161103234514\/http:\/\/termoimpiantimicheli.it\/wp-content\/uploads\/2014\/12\/Schema-impianto-solare.jpg\" rel=\"lightbox-2\"><img loading=\"lazy\" decoding=\"async\" class=\" wp-image-2434 aligncenter\" src=\"https:\/\/web.archive.org\/web\/20161103234514im_\/http:\/\/termoimpiantimicheli.it\/wp-content\/uploads\/2014\/12\/Schema-impianto-solare-300x300.jpg\" alt=\"Schema impianto solare\" width=\"450\" height=\"450\" \/><\/a><\/p>\n<p>In genere, per applicazioni domestiche si utilizzano bollitori bivalenti, cio\u00e8 quelli dotati di due serpentini. Al serpentino superiore viene collegato il generatore di calore per garantire comunque la produzione d&#8217;acqua calda anche in giornate con poca insolazione, mentre al serpentino inferiore viene collegato il circuito solare.<\/p>\n<p>Per\u00a0incrementare il rendimento di un impianto solare vengono usati anche i bollitori a carica stratificata.<\/p>\n<p><a href=\"https:\/\/web.archive.org\/web\/20161103234514\/http:\/\/termoimpiantimicheli.it\/wp-content\/uploads\/2014\/12\/Boiler-stratificazione1.png\" rel=\"lightbox-3\"><img loading=\"lazy\" decoding=\"async\" class=\" size-full wp-image-2675 aligncenter\" src=\"https:\/\/web.archive.org\/web\/20161103234514im_\/http:\/\/termoimpiantimicheli.it\/wp-content\/uploads\/2014\/12\/Boiler-stratificazione1.png\" alt=\"Boiler-stratificazione\" width=\"769\" height=\"263\" \/><\/a><\/p>\n<p>&nbsp;<\/p>\n<p>Mentre nei classici bollitori l&#8217;acqua viene scaldata gradualmente per tutto il volume dell&#8217;accumulo nei bollitori a carica stratificata l&#8217;acqua viene scaldata dall&#8217;alto verso il basso, fornendo acqua calda utilizzabile fin dalle prime ore del mattino, limitando l&#8217;intervento del generatore ausiliario.<\/p>\n<p>Un altro modo per incrementare il rendimento degli impianti solari \u00e8 quello di adottare termoregolazioni intelligenti che riescano a gestire sia il circuito solare sia il generatore di calore ausiliario come un unico sistema, in modo da inibire il funzionamento del generatore ausiliario in quelle situazioni dove la temperatura nella zona alta non \u00e8 a set point ma la velocit\u00e0 di crescita dell&#8217;insolazione ne garantir\u00e0 il raggiungimento in breve tempo.<\/p>\n<p>Se desiderate avere una simulazione personalizzata ed un preventivo non esitate a contattarci!<\/p>\n<\/div>\n<\/div>\n<\/div>\n<p>[\/vc_column_text][\/vc_column][\/vc_row]<\/p>\n","protected":false},"excerpt":{"rendered":"<p>[vc_row][vc_column][vc_empty_space height=&#8221;20px&#8221;][vc_column_text] L&#8217;energia solare \u00e8 un&#8217;energia pulita e rinnovabile, termica o elettrica, prodotta sfruttando direttamente l&#8217;energia irraggiata dal Sole verso la Terra. Ogni istante il\u00a0Sole trasmette sull&#8217;orbita terrestre 1367 Watt per mq. L&#8217;irraggiamento solare medio alle latitudini europee \u00e8 di circa 200 watt\/mq. Ne deriva che la potenza media per metro quadro irraggiata sulla Terra &hellip; <a href=\"https:\/\/termoimpiantimicheli.it\/?page_id=2564\" class=\"more-link\">Continue reading <span class=\"screen-reader-text\">Energia Solare<\/span><\/a><\/p>\n","protected":false},"author":1,"featured_media":0,"parent":0,"menu_order":0,"comment_status":"closed","ping_status":"closed","template":"","meta":{"footnotes":""},"class_list":["post-2564","page","type-page","status-publish","hentry"],"_links":{"self":[{"href":"https:\/\/termoimpiantimicheli.it\/index.php?rest_route=\/wp\/v2\/pages\/2564","targetHints":{"allow":["GET"]}}],"collection":[{"href":"https:\/\/termoimpiantimicheli.it\/index.php?rest_route=\/wp\/v2\/pages"}],"about":[{"href":"https:\/\/termoimpiantimicheli.it\/index.php?rest_route=\/wp\/v2\/types\/page"}],"author":[{"embeddable":true,"href":"https:\/\/termoimpiantimicheli.it\/index.php?rest_route=\/wp\/v2\/users\/1"}],"replies":[{"embeddable":true,"href":"https:\/\/termoimpiantimicheli.it\/index.php?rest_route=%2Fwp%2Fv2%2Fcomments&post=2564"}],"version-history":[{"count":3,"href":"https:\/\/termoimpiantimicheli.it\/index.php?rest_route=\/wp\/v2\/pages\/2564\/revisions"}],"predecessor-version":[{"id":2626,"href":"https:\/\/termoimpiantimicheli.it\/index.php?rest_route=\/wp\/v2\/pages\/2564\/revisions\/2626"}],"wp:attachment":[{"href":"https:\/\/termoimpiantimicheli.it\/index.php?rest_route=%2Fwp%2Fv2%2Fmedia&parent=2564"}],"curies":[{"name":"wp","href":"https:\/\/api.w.org\/{rel}","templated":true}]}}