{"id":2576,"date":"2019-07-15T09:28:09","date_gmt":"2019-07-15T07:28:09","guid":{"rendered":"https:\/\/termoimpiantimicheli.it\/?page_id=2576"},"modified":"2022-01-17T20:14:56","modified_gmt":"2022-01-17T19:14:56","slug":"pompe-di-calore","status":"publish","type":"page","link":"https:\/\/termoimpiantimicheli.it\/?page_id=2576","title":{"rendered":"Pompe di Calore"},"content":{"rendered":"<p>[vc_row][vc_column][vc_column_text]<a href=\"https:\/\/web.archive.org\/web\/20161103213107\/http:\/\/termoimpiantimicheli.it\/wp-content\/uploads\/2014\/12\/areotermico.jpg\" rel=\"lightbox-0\"><img loading=\"lazy\" decoding=\"async\" class=\"wp-image-2187 aligncenter\" src=\"https:\/\/web.archive.org\/web\/20161103213107im_\/http:\/\/termoimpiantimicheli.it\/wp-content\/uploads\/2014\/12\/areotermico-300x118.jpg\" alt=\"areotermico\" width=\"627\" height=\"248\" \/><\/a><\/p>\n<p>Le pompe di calore sono quelle macchine in grado di prelevare l&#8217;energia contenuta da una sorgente fredda\u00a0 &#8220;pozzo freddo&#8221; e trasferirla ad un fluido che si trova ad una temperatura pi\u00f9 alta\u00a0 &#8220;pozzo caldo&#8221;<\/p>\n<p>In natura il calore si trasferisce da una sorgente ad alta temperatura ad una sorgente a bassa temperatura. Per fare il passaggio inverso bisogna spendere dell&#8217;energia. Pi\u00f9 \u00e8 alta la differenza tra il pozzo freddo ed il pozzo caldo e pi\u00f9 energia dovremo spendere.<\/p>\n<p>Le pompe di calore si distinguono in base al tipo di\u00a0&#8220;pozzo freddo&#8221; e &#8220;pozzo caldo&#8221; utilizzati.<\/p>\n<p>Le pi\u00f9 comuni sono:<\/p>\n<p>Aria &#8211; Aria: sono i sistemi ad espansione diretta tipo l&#8217;impianti split o VRV. In questi impianti viene prelevata energia termica dall&#8217;aria esterna e trasferita direttamente all&#8217;aria interna. Sono sistemi molto performanti particolarmente adatti nelle applicazioni del terziario.<\/p>\n<p>Aria &#8211; Acqua: sono i sistemi dove l&#8217;energia termica viene prelevata dall&#8217;aria esterna e trasferita all&#8217;acqua, sia per il riscaldamento ambienti che per usi igienico &#8211; sanitari. Queste macchine sono indicate in tutte quelle applicazioni dove abbiamo impianti di riscaldamento a bassa e media temperatura ( pannelli radianti e fan-coil)<\/p>\n<p>Acqua &#8211; Acqua: sono i sistemi dove l&#8217;energia termica viene prelevata da acqua proveniente per esempio dalle falde nel terreno, impianti geotermici o da cascami di energia di processi industriali e trasferita all&#8217;acqua, sia per il riscaldamento ambienti che per usi igienico &#8211; sanitari<\/p>\n<p>La scelta di un impianto a pompa di calore richiede valutazioni caso per caso.<\/p>\n<p><a href=\"https:\/\/web.archive.org\/web\/20161103213107\/http:\/\/termoimpiantimicheli.it\/?page_id=1893\">Se desiderate una soluzione personalizzata non esitate a contattarci! Saremo lieti di consigliarvi l&#8217;impianto a\u00a0pompa di calore\u00a0pi\u00f9 adatto alle vostre\u00a0esigenze.<\/a>[\/vc_column_text][\/vc_column][\/vc_row]<\/p>\n","protected":false},"excerpt":{"rendered":"<p>[vc_row][vc_column][vc_column_text] Le pompe di calore sono quelle macchine in grado di prelevare l&#8217;energia contenuta da una sorgente fredda\u00a0 &#8220;pozzo freddo&#8221; e trasferirla ad un fluido che si trova ad una temperatura pi\u00f9 alta\u00a0 &#8220;pozzo caldo&#8221; In natura il calore si trasferisce da una sorgente ad alta temperatura ad una sorgente a bassa temperatura. Per fare &hellip; <a href=\"https:\/\/termoimpiantimicheli.it\/?page_id=2576\" class=\"more-link\">Continue reading <span class=\"screen-reader-text\">Pompe di Calore<\/span><\/a><\/p>\n","protected":false},"author":1,"featured_media":0,"parent":0,"menu_order":0,"comment_status":"closed","ping_status":"closed","template":"","meta":{"footnotes":""},"class_list":["post-2576","page","type-page","status-publish","hentry"],"_links":{"self":[{"href":"https:\/\/termoimpiantimicheli.it\/index.php?rest_route=\/wp\/v2\/pages\/2576","targetHints":{"allow":["GET"]}}],"collection":[{"href":"https:\/\/termoimpiantimicheli.it\/index.php?rest_route=\/wp\/v2\/pages"}],"about":[{"href":"https:\/\/termoimpiantimicheli.it\/index.php?rest_route=\/wp\/v2\/types\/page"}],"author":[{"embeddable":true,"href":"https:\/\/termoimpiantimicheli.it\/index.php?rest_route=\/wp\/v2\/users\/1"}],"replies":[{"embeddable":true,"href":"https:\/\/termoimpiantimicheli.it\/index.php?rest_route=%2Fwp%2Fv2%2Fcomments&post=2576"}],"version-history":[{"count":5,"href":"https:\/\/termoimpiantimicheli.it\/index.php?rest_route=\/wp\/v2\/pages\/2576\/revisions"}],"predecessor-version":[{"id":2627,"href":"https:\/\/termoimpiantimicheli.it\/index.php?rest_route=\/wp\/v2\/pages\/2576\/revisions\/2627"}],"wp:attachment":[{"href":"https:\/\/termoimpiantimicheli.it\/index.php?rest_route=%2Fwp%2Fv2%2Fmedia&parent=2576"}],"curies":[{"name":"wp","href":"https:\/\/api.w.org\/{rel}","templated":true}]}}