{"id":715,"date":"2017-09-27T08:43:33","date_gmt":"2017-09-27T08:43:33","guid":{"rendered":"http:\/\/fixology.thememount.com\/?page_id=715"},"modified":"2019-07-05T16:56:26","modified_gmt":"2019-07-05T14:56:26","slug":"faq","status":"publish","type":"page","link":"https:\/\/termoimpiantimicheli.it\/?page_id=715","title":{"rendered":"Faq"},"content":{"rendered":"<p>[vc_row][vc_column][vc_row_inner css=&#8221;.vc_custom_1506502761822{margin-top: 15px !important;}&#8221;][vc_column_inner el_class=&#8221;tm-faq-seprater&#8221;][vc_column_text]<\/p>\n<h4><em><strong>Le caldaie a condensazione riescono a condensare con impianti a radiatori? <\/strong><\/em><\/h4>\n<p>Dipende dal sistema di termoregolazione adottato. Se si utilizza gas metano il punto di rugiada dei fumi ( cio\u00e8 la temperatura a cui il vapore acqueo dei fumi comincia a condensare ) \u00e8 di 56 \u00b0C. Quindi per poter scambiare calore in condizioni di condensazione bisogna che il ritorno dell&#8217;impianto di riscaldamento sia almeno 5 \u2013 15 \u00b0C (dipende dall&#8217;efficienza dello scambiatore ) inferiore a quella dei fumi. Gli impianti a radiatori esistenti invece in genere sono stati dimensionati con mandata di 70\u00b0C e ritorno di 60 \u00b0C. E&#8217; evidente che in queste condizioni non si riesce a sfruttare le potenzialit\u00e0 di una caldaia a condensazione. Per\u00f2 la mandata di 70\u00b0C \u00e8 necessaria solo quando ci troviamo in condizioni di picco, cio\u00e8 quando la temperatura esterna \u00e8 a 0\u00b0C ( valore di progetto per Firenze ). Questa condizione si verifica per poche settimane l&#8217;anno ed in genere durante la notte. Nella maggior parte del periodo di riscaldamento le temperature esterne sono superiori. Quindi se adottiamo una termoregolazione con sonda esterna si possono abbassare le temperature di esercizio e riuscire a condensare la maggior parte dell&#8217;inverno anche con un impianto a radiatori.<\/p>\n<p>&nbsp;<\/p>\n<h4><em><strong>Come \u00e8 possibile che una macchina abbia un rendimento superiore al 100%? <\/strong><\/em><\/h4>\n<p>Il rendimento del 110% di una caldaia a condensazione \u00e8 riferito al potere calorifico inferiore del combustibile, cio\u00e8 alla quantit\u00e0 di energia contenuta da un determinato combustibile, senza tenere conto del calore latente.<\/p>\n<h4 class=\"marker\"><\/h4>\n<p>&nbsp;<\/p>\n<h4><em><strong>Cos\u2019\u00e8 una caldaia a condensazione?<\/strong><\/em><\/h4>\n<p>Le caldaie a condensazione sono quelle caldaie in grado di recuperare il calore latente dei fumi.\u00a0Tra le varie sostanze contenute nei gas di scarico vi \u00e8 il vapore acqueo. Nelle caldaie convenzionali i fumi vengono scaricati ad una temperatura di circa 100 \u2013 130 \u00b0C. In queste condizione il vapore acqueo viene scaricato direttamente in atmosfera ed il suo contenuto energetico viene perso. Nelle caldaie a condensazione invece i fumi vengono sotto raffreddati fino a che il vapore acqueo viene riportato allo stato liquido. Cos\u00ec facendo si riesce anche a sfruttare la quota di energia latente, arrivando a rendimenti fino al 110 %.<\/p>\n<h4 class=\"marker\"><\/h4>\n<p>&nbsp;<\/p>\n<h4><em><strong>E\u2019 vero che gli impianti a pannelli radianti devono rimanere sempre accesi?<\/strong><\/em><\/h4>\n<p>Dipende dal tipo di regolazione adottata.<br \/>\nGli impianti a pannelli radianti sono caratterizzati da una notevole inerzia termica dovuta al fatto che sopra i tubi mediamente viene applicato un massetto cementizio di circa 4 cm. Il problema principale quindi \u00e8 quello di gestire inerzia termica. Esistono due famiglie d&#8217;impianti di riscaldamento radiante:<\/p>\n<ol>\n<li><strong>Impianti a punto fisso:\u00a0<\/strong>Sono quegli impianti dove la temperatura di mandata ai circuiti radianti viene impostata alla temperatura di progetto ( circa 40\u00b0C con 0\u00b0C esterni) indipendentemente dalle condizioni climatiche. Il controllo della temperatura ambiente viene gestito con dei termostati on\/off come se si trattasse di un normale impianto a radiatori. Purtroppo per\u00f2 qualsiasi termostato on \/ off \u00e8 caratterizzato da un differenziale, vale a dire che se imposto la temperatura ambiente a 20\u00b0C il contatto si chiuder\u00e0 a 19.5 \u00b0C e si aprir\u00e0 a 20,5 \u00b0C. Questo differenziale con impianti \u201cveloci\u201d ( radiatori o fan-coil ) non viene percepito. Invece con impianti radianti a pavimento una volta raggiunto il set point ambiente il massetto continua ad emanare calore provocando un surriscaldamento degli ambienti. Inoltre quando finalmente l&#8217;ambiente si \u00e8 raffreddato e ricomincia a circolare acqua calda nei tubi prima di scaldare l&#8217;ambiente bisogna dare il tempo di mettere a regime il massetto, causando un ulteriore raffreddamento dei locali. Si innesca un effetto di pendolamento della temperatura ambiente anche di 2 o 3 \u00b0C provocando cos\u00ec condizioni ambientali non confortevoli. Se inoltre si aggiungono numerose accensioni e spegnimenti l&#8217;impianto diventa praticamente ingestibile. Quindi con gli impianti a punto fisso bisogna dotarsi di termostati con differenziale pi\u00f9 piccolo possibile ed adottare degli orari di riscaldamento pi\u00f9 costanti possibile.<\/li>\n<li><strong>Impianti a temperatura scorrevole:\u00a0<\/strong>Sono quegli impianti dove la temperatura di mandata viene gestita elettronicamente in funzione della temperatura esterna e della temperatura ambiente. Esistono delle centraline climatiche dotati di software che ottimizzano addirittura gli orari d&#8217;accensione. Con queste centraline basta dire a che ora vogliamo una determinata temperatura ambiente. Il software calcoler\u00e0 automaticamente l&#8217;orario d&#8217;accensione e la temperatura di mandata occorrente in funzione delle condizioni climatiche esterne ed interne e del grado d&#8217;isolamento dell&#8217;edificio. Con queste termoregolazioni si riesce a gestire l&#8217;inerzia degli impianti a pavimento riuscendo a condurlo come un normalissimo impianto a radiatori e a ridurre i consumi di circa un 3% rispetto agli impianti a punto fisso.<\/li>\n<\/ol>\n<p>[\/vc_column_text][\/vc_column_inner][\/vc_row_inner][\/vc_column][\/vc_row]<\/p>\n","protected":false},"excerpt":{"rendered":"<p>[vc_row][vc_column][vc_row_inner css=&#8221;.vc_custom_1506502761822{margin-top: 15px !important;}&#8221;][vc_column_inner el_class=&#8221;tm-faq-seprater&#8221;][vc_column_text] Le caldaie a condensazione riescono a condensare con impianti a radiatori? Dipende dal sistema di termoregolazione adottato. Se si utilizza gas metano il punto di rugiada dei fumi ( cio\u00e8 la temperatura a cui il vapore acqueo dei fumi comincia a condensare ) \u00e8 di 56 \u00b0C. Quindi per poter &hellip; <a href=\"https:\/\/termoimpiantimicheli.it\/?page_id=715\" class=\"more-link\">Continue reading <span class=\"screen-reader-text\">Faq<\/span><\/a><\/p>\n","protected":false},"author":1,"featured_media":0,"parent":0,"menu_order":10,"comment_status":"closed","ping_status":"closed","template":"","meta":{"footnotes":""},"class_list":["post-715","page","type-page","status-publish","hentry"],"_links":{"self":[{"href":"https:\/\/termoimpiantimicheli.it\/index.php?rest_route=\/wp\/v2\/pages\/715","targetHints":{"allow":["GET"]}}],"collection":[{"href":"https:\/\/termoimpiantimicheli.it\/index.php?rest_route=\/wp\/v2\/pages"}],"about":[{"href":"https:\/\/termoimpiantimicheli.it\/index.php?rest_route=\/wp\/v2\/types\/page"}],"author":[{"embeddable":true,"href":"https:\/\/termoimpiantimicheli.it\/index.php?rest_route=\/wp\/v2\/users\/1"}],"replies":[{"embeddable":true,"href":"https:\/\/termoimpiantimicheli.it\/index.php?rest_route=%2Fwp%2Fv2%2Fcomments&post=715"}],"version-history":[{"count":5,"href":"https:\/\/termoimpiantimicheli.it\/index.php?rest_route=\/wp\/v2\/pages\/715\/revisions"}],"predecessor-version":[{"id":2447,"href":"https:\/\/termoimpiantimicheli.it\/index.php?rest_route=\/wp\/v2\/pages\/715\/revisions\/2447"}],"wp:attachment":[{"href":"https:\/\/termoimpiantimicheli.it\/index.php?rest_route=%2Fwp%2Fv2%2Fmedia&parent=715"}],"curies":[{"name":"wp","href":"https:\/\/api.w.org\/{rel}","templated":true}]}}